{"id":178,"date":"2024-06-25T18:12:17","date_gmt":"2024-06-25T16:12:17","guid":{"rendered":"https:\/\/www.passocreativo.it\/vito\/?page_id=169"},"modified":"2024-08-01T16:20:51","modified_gmt":"2024-08-01T14:20:51","slug":"chi-siamo","status":"publish","type":"page","link":"https:\/\/www.artemoccia.com\/index.php\/chi-siamo\/","title":{"rendered":"Chi siamo"},"content":{"rendered":"<p><br><\/p><div class=\"wp-block-image\"><figure class=\"aligncenter size-full is-resized\"><img loading=\"lazy\" decoding=\"async\" width=\"817\" height=\"221\" src=\"https:\/\/www.artemoccia.com\/wp-content\/uploads\/2024\/07\/moccialogo-2.png\" alt=\"\" class=\"wp-image-63\" style=\"width:611px;height:auto\" srcset=\"https:\/\/www.artemoccia.com\/wp-content\/uploads\/2024\/07\/moccialogo-2.png 817w, https:\/\/www.artemoccia.com\/wp-content\/uploads\/2024\/07\/moccialogo-2-600x162.png 600w, https:\/\/www.artemoccia.com\/wp-content\/uploads\/2024\/07\/moccialogo-2-300x81.png 300w, https:\/\/www.artemoccia.com\/wp-content\/uploads\/2024\/07\/moccialogo-2-768x208.png 768w\" sizes=\"(max-width: 817px) 100vw, 817px\" \/><\/figure><\/div><p>Gli archetipi della sua terra, i simboli e l&#8217;immaginario culturale della sua citt\u00e0, sono tutti presenti nel lavoro artistico di Vito Moccia, sia nella pittura che nella scultura. Quest&#8217;ultima diventa anche progetto di Pubblic Art, grande cultura in spazi aperti, in cui il gioco delle forme, superando la narrazione descrittiva, si apre all&#8217;interazione con il pubblico, ridefinendo e ridisegnando lo spazio urbano.<br>Il lavoro di Vito Moccia scorre a pieni passi nella contemporaneit\u00e0 e, superando le barriere territoriali, interseca la ricerca internazionale, laddove l&#8217;arte, in un contesto totalmente globalizzato, gioca sul superamento dello specifico, dal confine allo sconfinamento, dal luogo a non luogo.<br>Il confine di Moccia (e del suo pseudonimo e alter ego M-occia) \u00e8 il suo genius loci, che significa recupero della manualit\u00e0, del disegno, della pittura, della scultura ma soprattutto recupero di un linguaggio, sempre oggettivato nella forma, di elementi costitutivi dell&#8217;antropologia culturale di un retroterra, di una memoria collettiva<br>Questo confine \u00e8 il frutto di un processo creativo in cui precipitano pi\u00f9 linguaggi, pittura, scultura, arti applicate, ma frutto anche di una identit\u00e0 antropologica che rinvia ad una sensibilit\u00e0 mediterranea<br>Perci\u00f2 Vito Moccia si avvia verso quello sconfinamento che supera i limiti territoriali, perch\u00e8 l&#8217;arte pu\u00f2 essere una lente di ingrandimento\u2026pu\u00f2 aiutare a superare i luoghi comuni\u2026pu\u00f2 aiutare ad uscire dai confini e a sdoganare il pensiero e farlo volare alto<br>L&#8217;arte per definizione \u00e8 sempre un&#8217;operazione chhe fonda un &#8220;non-luogo&#8221;, \u00e8 contro la stsi geografica. Fonda un territorio che io chiamo &#8220;magico&#8221;, un luogo che celebra per definizione la coesistenza delle differenze e quindi il superamento dei pregiudizi e dei luogi comuni. (A.Bonito Oliva)<br>Mirella Casamassima<\/p>","protected":false},"excerpt":{"rendered":"<p>Gli archetipi della sua terra, i simboli e l&#8217;immaginario culturale della sua citt\u00e0, sono tutti presenti nel lavoro artistico di Vito Moccia, sia nella pittura che nella scultura. Quest&#8217;ultima diventa anche progetto di Pubblic Art, grande cultura in spazi aperti, in cui il gioco delle forme, superando la narrazione descrittiva, si apre all&#8217;interazione con il [&hellip;]<\/p>\n","protected":false},"author":1,"featured_media":0,"parent":0,"menu_order":0,"comment_status":"closed","ping_status":"closed","template":"page-templates\/about-one.php","meta":{"footnotes":""},"_links":{"self":[{"href":"https:\/\/www.artemoccia.com\/index.php\/wp-json\/wp\/v2\/pages\/178"}],"collection":[{"href":"https:\/\/www.artemoccia.com\/index.php\/wp-json\/wp\/v2\/pages"}],"about":[{"href":"https:\/\/www.artemoccia.com\/index.php\/wp-json\/wp\/v2\/types\/page"}],"author":[{"embeddable":true,"href":"https:\/\/www.artemoccia.com\/index.php\/wp-json\/wp\/v2\/users\/1"}],"replies":[{"embeddable":true,"href":"https:\/\/www.artemoccia.com\/index.php\/wp-json\/wp\/v2\/comments?post=178"}],"version-history":[{"count":2,"href":"https:\/\/www.artemoccia.com\/index.php\/wp-json\/wp\/v2\/pages\/178\/revisions"}],"predecessor-version":[{"id":280,"href":"https:\/\/www.artemoccia.com\/index.php\/wp-json\/wp\/v2\/pages\/178\/revisions\/280"}],"wp:attachment":[{"href":"https:\/\/www.artemoccia.com\/index.php\/wp-json\/wp\/v2\/media?parent=178"}],"curies":[{"name":"wp","href":"https:\/\/api.w.org\/{rel}","templated":true}]}}